{"id":99,"date":"2024-01-31T09:04:11","date_gmt":"2024-01-31T08:04:11","guid":{"rendered":"https:\/\/tintoralba.com\/?post_type=product&#038;p=99"},"modified":"2025-03-07T12:18:22","modified_gmt":"2025-03-07T11:18:22","slug":"pack-6-botellas-cerro-del-buey-y-piedras-coloradas","status":"publish","type":"product","link":"https:\/\/tintoralba.com\/en\/tienda\/alqueria-range\/pack-6-botellas-cerro-del-buey-y-piedras-coloradas\/","title":{"rendered":"Pack 6 Botellas Cerro del Buey y Piedras Coloradas"},"content":{"rendered":"","protected":false},"excerpt":{"rendered":"<p>Pack de seis botellas de los nuevos vinos del proyecto de vinos &#8220;Alquer\u00eda&#8221; de Tintoralba. El pack estrella de Tintoralba en este 2023 en el que podr\u00e1s probar la mejor selecci\u00f3n de nuestros nuevos vinos de pueblo y paraje:<\/p>\n<p>Incluye seis vinos:<\/p>\n<p>3 botellas de Cerro del Buey<\/p>\n<p>3 de Piedras Coloradas.<\/p>\n","protected":false},"featured_media":1226,"template":"","meta":[],"product_brand":[],"product_cat":[24,20],"product_tag":[],"class_list":{"0":"post-99","1":"product","2":"type-product","3":"status-publish","4":"has-post-thumbnail","6":"product_cat-proyecto-alqueria","7":"product_cat-packs","9":"first","10":"instock","11":"taxable","12":"shipping-taxable","13":"purchasable","14":"product-type-simple"},"_links":{"self":[{"href":"https:\/\/tintoralba.com\/en\/wp-json\/wp\/v2\/product\/99","targetHints":{"allow":["GET"]}}],"collection":[{"href":"https:\/\/tintoralba.com\/en\/wp-json\/wp\/v2\/product"}],"about":[{"href":"https:\/\/tintoralba.com\/en\/wp-json\/wp\/v2\/types\/product"}],"wp:featuredmedia":[{"embeddable":true,"href":"https:\/\/tintoralba.com\/en\/wp-json\/wp\/v2\/media\/1226"}],"wp:attachment":[{"href":"https:\/\/tintoralba.com\/en\/wp-json\/wp\/v2\/media?parent=99"}],"wp:term":[{"taxonomy":"product_brand","embeddable":true,"href":"https:\/\/tintoralba.com\/en\/wp-json\/wp\/v2\/product_brand?post=99"},{"taxonomy":"product_cat","embeddable":true,"href":"https:\/\/tintoralba.com\/en\/wp-json\/wp\/v2\/product_cat?post=99"},{"taxonomy":"product_tag","embeddable":true,"href":"https:\/\/tintoralba.com\/en\/wp-json\/wp\/v2\/product_tag?post=99"}],"curies":[{"name":"wp","href":"https:\/\/api.w.org\/{rel}","templated":true}]}}