{"id":38,"date":"2024-01-31T09:03:49","date_gmt":"2024-01-31T08:03:49","guid":{"rendered":"https:\/\/tintoralba.com\/?post_type=product&#038;p=38"},"modified":"2025-12-01T09:50:34","modified_gmt":"2025-12-01T08:50:34","slug":"tintoralba-seleccion-2018","status":"publish","type":"product","link":"https:\/\/tintoralba.com\/en\/tienda\/tintoralba-range\/tintoralba-seleccion-2018\/","title":{"rendered":"Tintoralba Selecci\u00f3n &#8211; 2018"},"content":{"rendered":"","protected":false},"excerpt":{"rendered":"<p>Con el fruto excelente de nuestros mejores y m\u00e1s viejos vi\u00f1edos de Garnacha Tintorera y Syrah y la delicada elaboraci\u00f3n en nuestra bodega, ha surgido nuestro Vino de Alta Expresi\u00f3n. La crianza de 14 meses en barricas seleccionadas de roble franc\u00e9s hace que resalten en este vino la gran intensidad de todos sus componentes. Conservando un color de juventud, destacan los aromas especiados, coco, caf\u00e9, conjugados a su vez con una gran frutosidad y toques bals\u00e1micos.<\/p>\n","protected":false},"featured_media":1230,"template":"","meta":[],"product_brand":[],"product_cat":[16],"product_tag":[],"class_list":{"0":"post-38","1":"product","2":"type-product","3":"status-publish","4":"has-post-thumbnail","6":"product_cat-vinos-tintoralba","8":"first","9":"instock","10":"taxable","11":"shipping-taxable","12":"purchasable","13":"product-type-simple"},"_links":{"self":[{"href":"https:\/\/tintoralba.com\/en\/wp-json\/wp\/v2\/product\/38","targetHints":{"allow":["GET"]}}],"collection":[{"href":"https:\/\/tintoralba.com\/en\/wp-json\/wp\/v2\/product"}],"about":[{"href":"https:\/\/tintoralba.com\/en\/wp-json\/wp\/v2\/types\/product"}],"wp:featuredmedia":[{"embeddable":true,"href":"https:\/\/tintoralba.com\/en\/wp-json\/wp\/v2\/media\/1230"}],"wp:attachment":[{"href":"https:\/\/tintoralba.com\/en\/wp-json\/wp\/v2\/media?parent=38"}],"wp:term":[{"taxonomy":"product_brand","embeddable":true,"href":"https:\/\/tintoralba.com\/en\/wp-json\/wp\/v2\/product_brand?post=38"},{"taxonomy":"product_cat","embeddable":true,"href":"https:\/\/tintoralba.com\/en\/wp-json\/wp\/v2\/product_cat?post=38"},{"taxonomy":"product_tag","embeddable":true,"href":"https:\/\/tintoralba.com\/en\/wp-json\/wp\/v2\/product_tag?post=38"}],"curies":[{"name":"wp","href":"https:\/\/api.w.org\/{rel}","templated":true}]}}