{"id":3148,"date":"2026-02-05T10:47:50","date_gmt":"2026-02-05T09:47:50","guid":{"rendered":"https:\/\/tintoralba.com\/?post_type=product&#038;p=3148"},"modified":"2026-02-26T17:01:43","modified_gmt":"2026-02-26T16:01:43","slug":"pack-6-botellas-las-casillas-y-cantorral-blanc-de-noir","status":"publish","type":"product","link":"https:\/\/tintoralba.com\/en\/tienda\/packs\/pack-6-botellas-las-casillas-y-cantorral-blanc-de-noir\/","title":{"rendered":"Pack 6 Botellas Las Casillas + Cantorral Blanc de Noir"},"content":{"rendered":"<p>Incluye nuestro Cantorral Blanc de Noir y Las Casillas, un d\u00fao perfecto para descubrir matices distintos y brindar por cualquier ocasi\u00f3n. Un pack equilibrado, vers\u00e1til y pensado para los amantes del buen vino<\/p>\n","protected":false},"excerpt":{"rendered":"<p>Pack con una selecci\u00f3n de seis botellas de <span class=\"hover:entity-accent entity-underline inline cursor-pointer align-baseline\"><span class=\"whitespace-normal\">Bodega Tintoralba<\/span><\/span>: 3 botellas de Las Casillas y 3 botellas de Cantorral Blanc de Noir.<\/p>\n","protected":false},"featured_media":3149,"template":"","meta":[],"product_brand":[],"product_cat":[20],"product_tag":[],"class_list":{"0":"post-3148","1":"product","2":"type-product","3":"status-publish","4":"has-post-thumbnail","6":"product_cat-packs","8":"first","9":"instock","10":"taxable","11":"shipping-taxable","12":"purchasable","13":"product-type-simple"},"_links":{"self":[{"href":"https:\/\/tintoralba.com\/en\/wp-json\/wp\/v2\/product\/3148","targetHints":{"allow":["GET"]}}],"collection":[{"href":"https:\/\/tintoralba.com\/en\/wp-json\/wp\/v2\/product"}],"about":[{"href":"https:\/\/tintoralba.com\/en\/wp-json\/wp\/v2\/types\/product"}],"wp:featuredmedia":[{"embeddable":true,"href":"https:\/\/tintoralba.com\/en\/wp-json\/wp\/v2\/media\/3149"}],"wp:attachment":[{"href":"https:\/\/tintoralba.com\/en\/wp-json\/wp\/v2\/media?parent=3148"}],"wp:term":[{"taxonomy":"product_brand","embeddable":true,"href":"https:\/\/tintoralba.com\/en\/wp-json\/wp\/v2\/product_brand?post=3148"},{"taxonomy":"product_cat","embeddable":true,"href":"https:\/\/tintoralba.com\/en\/wp-json\/wp\/v2\/product_cat?post=3148"},{"taxonomy":"product_tag","embeddable":true,"href":"https:\/\/tintoralba.com\/en\/wp-json\/wp\/v2\/product_tag?post=3148"}],"curies":[{"name":"wp","href":"https:\/\/api.w.org\/{rel}","templated":true}]}}