{"id":2599,"date":"2024-12-13T12:55:20","date_gmt":"2024-12-13T11:55:20","guid":{"rendered":"https:\/\/tintoralba.com\/?post_type=product&#038;p=2599"},"modified":"2025-03-07T12:17:15","modified_gmt":"2025-03-07T11:17:15","slug":"pack-blanc-de-noir-y-cerro-del-buey-copa-regalo","status":"publish","type":"product","link":"https:\/\/tintoralba.com\/en\/tienda\/packs\/pack-blanc-de-noir-y-cerro-del-buey-copa-regalo\/","title":{"rendered":"Pack de Vino Blanc de Noir y Cerro del Buey con copa de Tintoralba"},"content":{"rendered":"<p>Este pack de vino de Tintoralba incluye dos de los vinos m\u00e1s personales de nuestro en\u00f3logo, Pedro Sarri\u00f3n. Incluye el nuevo vino blanco de nuestra bodega elaborado al 100% con garnacha tintorera: El Cantorral Blanc de Noir. Tambi\u00e9n incluye el vino que ya es la joya de nuestra bodega y del proyecto Alquer\u00eda, Cerro del Buey, y una copa serigrafiada de Tintoralba, nuestra bodega.<\/p>\n","protected":false},"excerpt":{"rendered":"<p>Pack en caja de Bodega Tintoralba con nuestro Blanc de Noir y Cerro del Buey. Adem\u00e1s, viene con una copa de la bodega serigrafiada de regalo.<\/p>\n","protected":false},"featured_media":2600,"template":"","meta":[],"product_brand":[],"product_cat":[20],"product_tag":[],"class_list":{"0":"post-2599","1":"product","2":"type-product","3":"status-publish","4":"has-post-thumbnail","6":"product_cat-packs","8":"first","9":"outofstock","10":"taxable","11":"shipping-taxable","12":"purchasable","13":"product-type-simple"},"_links":{"self":[{"href":"https:\/\/tintoralba.com\/en\/wp-json\/wp\/v2\/product\/2599","targetHints":{"allow":["GET"]}}],"collection":[{"href":"https:\/\/tintoralba.com\/en\/wp-json\/wp\/v2\/product"}],"about":[{"href":"https:\/\/tintoralba.com\/en\/wp-json\/wp\/v2\/types\/product"}],"wp:featuredmedia":[{"embeddable":true,"href":"https:\/\/tintoralba.com\/en\/wp-json\/wp\/v2\/media\/2600"}],"wp:attachment":[{"href":"https:\/\/tintoralba.com\/en\/wp-json\/wp\/v2\/media?parent=2599"}],"wp:term":[{"taxonomy":"product_brand","embeddable":true,"href":"https:\/\/tintoralba.com\/en\/wp-json\/wp\/v2\/product_brand?post=2599"},{"taxonomy":"product_cat","embeddable":true,"href":"https:\/\/tintoralba.com\/en\/wp-json\/wp\/v2\/product_cat?post=2599"},{"taxonomy":"product_tag","embeddable":true,"href":"https:\/\/tintoralba.com\/en\/wp-json\/wp\/v2\/product_tag?post=2599"}],"curies":[{"name":"wp","href":"https:\/\/api.w.org\/{rel}","templated":true}]}}