{"id":2596,"date":"2024-12-13T12:55:14","date_gmt":"2024-12-13T11:55:14","guid":{"rendered":"https:\/\/tintoralba.com\/?post_type=product&#038;p=2596"},"modified":"2025-12-01T09:51:37","modified_gmt":"2025-12-01T08:51:37","slug":"pack-blanc-de-noir-piedras-coloradas-cerro-del-buey","status":"publish","type":"product","link":"https:\/\/tintoralba.com\/en\/tienda\/packs\/pack-blanc-de-noir-piedras-coloradas-cerro-del-buey\/","title":{"rendered":"Pack Blanc de Noir + Piedras Coloradas + Cerro del Buey"},"content":{"rendered":"<p>Este pack de vino de Tintoralba incluye tres de los vinos m\u00e1s personales de nuestro en\u00f3logo, Pedro Sarri\u00f3n. Incluye el nuevo vino blanco de nuestra bodega elaborado al 100% con garnacha tintorera: El Cantorral Blanc de Noir. Tambi\u00e9n incluye dos de los vinos de nuestro proyecto Alquer\u00eda, Cerro del Buey y Piedras Coloradas.<\/p>\n","protected":false},"excerpt":{"rendered":"<p>Pack en caja serigrafiada de Bodega Tintoralba con una selecci\u00f3n de tres de nuestros vinos: El Cantorral Blanc de Noir, Piedras Coloradas y Cerro del Buey.<\/p>\n","protected":false},"featured_media":2828,"template":"","meta":[],"product_brand":[],"product_cat":[20],"product_tag":[],"class_list":{"0":"post-2596","1":"product","2":"type-product","3":"status-publish","4":"has-post-thumbnail","6":"product_cat-packs","8":"first","9":"instock","10":"taxable","11":"shipping-taxable","12":"purchasable","13":"product-type-simple"},"_links":{"self":[{"href":"https:\/\/tintoralba.com\/en\/wp-json\/wp\/v2\/product\/2596","targetHints":{"allow":["GET"]}}],"collection":[{"href":"https:\/\/tintoralba.com\/en\/wp-json\/wp\/v2\/product"}],"about":[{"href":"https:\/\/tintoralba.com\/en\/wp-json\/wp\/v2\/types\/product"}],"wp:featuredmedia":[{"embeddable":true,"href":"https:\/\/tintoralba.com\/en\/wp-json\/wp\/v2\/media\/2828"}],"wp:attachment":[{"href":"https:\/\/tintoralba.com\/en\/wp-json\/wp\/v2\/media?parent=2596"}],"wp:term":[{"taxonomy":"product_brand","embeddable":true,"href":"https:\/\/tintoralba.com\/en\/wp-json\/wp\/v2\/product_brand?post=2596"},{"taxonomy":"product_cat","embeddable":true,"href":"https:\/\/tintoralba.com\/en\/wp-json\/wp\/v2\/product_cat?post=2596"},{"taxonomy":"product_tag","embeddable":true,"href":"https:\/\/tintoralba.com\/en\/wp-json\/wp\/v2\/product_tag?post=2596"}],"curies":[{"name":"wp","href":"https:\/\/api.w.org\/{rel}","templated":true}]}}