{"id":2593,"date":"2024-12-13T12:55:07","date_gmt":"2024-12-13T11:55:07","guid":{"rendered":"https:\/\/tintoralba.com\/?post_type=product&#038;p=2593"},"modified":"2026-02-26T17:03:14","modified_gmt":"2026-02-26T16:03:14","slug":"el-cantorral-blanc-de-noir","status":"publish","type":"product","link":"https:\/\/tintoralba.com\/en\/tienda\/vinos-tintoralba\/el-cantorral-blanc-de-noir\/","title":{"rendered":"El Cantorral Blanc de Noir &#8211; 2024"},"content":{"rendered":"<p>Para elaborar este nuevo Blanc de Noir, lo que hacemos es quitarle el color t\u00edpico de los vinos de garnacha tintorera. Un vino elaborado con el sello personal de nuestro en\u00f3logo, Pedro Sarri\u00f3n. En un proceso de elaboraci\u00f3n en el que hemos logrado que tenga un color m\u00e1s transparente a trav\u00e9s de la filtraci\u00f3n durante la misma. De esta manera, lo elaboramos con si fuera un vino blanco.<\/p>\n","protected":false},"excerpt":{"rendered":"<p>El Cantorral Blanc de Noir es un vino blanco elaborado con la variedad de uva tinta estrella de nuestra zona: la Garnacha Tintorera. Este vino cuenta con el sello de calidad de nuestra Denominaci\u00f3n de Origen Almansa. En fase visual es casi transparante, y en nariz tiene mucho protagonismo la fruta blanca y notas florales. En boca tiene una gran persistencia, suave, longevidad y es muy fresco.<\/p>\n","protected":false},"featured_media":2594,"template":"","meta":[],"product_brand":[],"product_cat":[16],"product_tag":[],"class_list":{"0":"post-2593","1":"product","2":"type-product","3":"status-publish","4":"has-post-thumbnail","6":"product_cat-vinos-tintoralba","8":"first","9":"instock","10":"taxable","11":"shipping-taxable","12":"purchasable","13":"product-type-simple"},"_links":{"self":[{"href":"https:\/\/tintoralba.com\/en\/wp-json\/wp\/v2\/product\/2593","targetHints":{"allow":["GET"]}}],"collection":[{"href":"https:\/\/tintoralba.com\/en\/wp-json\/wp\/v2\/product"}],"about":[{"href":"https:\/\/tintoralba.com\/en\/wp-json\/wp\/v2\/types\/product"}],"wp:featuredmedia":[{"embeddable":true,"href":"https:\/\/tintoralba.com\/en\/wp-json\/wp\/v2\/media\/2594"}],"wp:attachment":[{"href":"https:\/\/tintoralba.com\/en\/wp-json\/wp\/v2\/media?parent=2593"}],"wp:term":[{"taxonomy":"product_brand","embeddable":true,"href":"https:\/\/tintoralba.com\/en\/wp-json\/wp\/v2\/product_brand?post=2593"},{"taxonomy":"product_cat","embeddable":true,"href":"https:\/\/tintoralba.com\/en\/wp-json\/wp\/v2\/product_cat?post=2593"},{"taxonomy":"product_tag","embeddable":true,"href":"https:\/\/tintoralba.com\/en\/wp-json\/wp\/v2\/product_tag?post=2593"}],"curies":[{"name":"wp","href":"https:\/\/api.w.org\/{rel}","templated":true}]}}