{"id":2525,"date":"2024-09-17T13:35:16","date_gmt":"2024-09-17T11:35:16","guid":{"rendered":"https:\/\/tintoralba.com\/?post_type=product&#038;p=2525"},"modified":"2025-12-01T09:52:00","modified_gmt":"2025-12-01T08:52:00","slug":"cerro-del-buey-magnum","status":"publish","type":"product","link":"https:\/\/tintoralba.com\/en\/tienda\/proyecto-alqueria\/cerro-del-buey-magnum\/","title":{"rendered":"Cerro del Buey MAGNUM 1,5L"},"content":{"rendered":"","protected":false},"excerpt":{"rendered":"<p>Disfruta de Cerro del Buey, uno de nuestros vinos m\u00e1s emblem\u00e1ticos, ahora en tama\u00f1o Magnum (1,5L)<\/p>\n<p>Cerro del Buey 2022 transmite la exclusividad de frescura y suavidad de la garnacha tintorera de producci\u00f3n biol\u00f3gica con la m\u00ednima intervenci\u00f3n en bodega.<\/p>\n<p>TIPO VINO:<br \/>\nTinto joven varietal de garnacha tintorera 100% ecol\u00f3gico, criado durante 6 meses en barricas de roble franc\u00e9s de 500 litros y ovoids de 1.000 litros.<\/p>\n","protected":false},"featured_media":2526,"template":"","meta":[],"product_brand":[],"product_cat":[24],"product_tag":[],"class_list":{"0":"post-2525","1":"product","2":"type-product","3":"status-publish","4":"has-post-thumbnail","6":"product_cat-proyecto-alqueria","8":"first","9":"instock","10":"taxable","11":"shipping-taxable","12":"purchasable","13":"product-type-simple"},"_links":{"self":[{"href":"https:\/\/tintoralba.com\/en\/wp-json\/wp\/v2\/product\/2525","targetHints":{"allow":["GET"]}}],"collection":[{"href":"https:\/\/tintoralba.com\/en\/wp-json\/wp\/v2\/product"}],"about":[{"href":"https:\/\/tintoralba.com\/en\/wp-json\/wp\/v2\/types\/product"}],"wp:featuredmedia":[{"embeddable":true,"href":"https:\/\/tintoralba.com\/en\/wp-json\/wp\/v2\/media\/2526"}],"wp:attachment":[{"href":"https:\/\/tintoralba.com\/en\/wp-json\/wp\/v2\/media?parent=2525"}],"wp:term":[{"taxonomy":"product_brand","embeddable":true,"href":"https:\/\/tintoralba.com\/en\/wp-json\/wp\/v2\/product_brand?post=2525"},{"taxonomy":"product_cat","embeddable":true,"href":"https:\/\/tintoralba.com\/en\/wp-json\/wp\/v2\/product_cat?post=2525"},{"taxonomy":"product_tag","embeddable":true,"href":"https:\/\/tintoralba.com\/en\/wp-json\/wp\/v2\/product_tag?post=2525"}],"curies":[{"name":"wp","href":"https:\/\/api.w.org\/{rel}","templated":true}]}}