{"id":2032,"date":"2024-04-08T13:07:49","date_gmt":"2024-04-08T11:07:49","guid":{"rendered":"https:\/\/tintoralba.com\/pedro-sarrion\/"},"modified":"2024-04-29T11:00:17","modified_gmt":"2024-04-29T09:00:17","slug":"pedro-sarrion","status":"publish","type":"page","link":"https:\/\/tintoralba.com\/en\/pedro-sarrion\/","title":{"rendered":"Pedro Sarri\u00f3n"},"content":{"rendered":"\t\t<div data-elementor-type=\"wp-page\" data-elementor-id=\"2032\" class=\"elementor elementor-2032 elementor-871\" data-elementor-post-type=\"page\">\n\t\t\t\t<div class=\"wd-negative-gap elementor-element elementor-element-d6ca677 wd-section-stretch e-flex e-con-boxed e-con e-parent\" data-id=\"d6ca677\" data-element_type=\"container\" data-e-type=\"container\" data-settings=\"{&quot;background_background&quot;:&quot;classic&quot;}\">\n\t\t\t\t\t<div class=\"e-con-inner\">\n\t\t\t\t<div class=\"elementor-element elementor-element-db96f73 elementor-widget elementor-widget-heading\" data-id=\"db96f73\" data-element_type=\"widget\" data-e-type=\"widget\" data-widget_type=\"heading.default\">\n\t\t\t\t<div class=\"elementor-widget-container\">\n\t\t\t\t\t<h2 class=\"elementor-heading-title elementor-size-default\">Pedro Sarri\u00f3n<\/h2>\t\t\t\t<\/div>\n\t\t\t\t<\/div>\n\t\t\t\t\t<\/div>\n\t\t\t\t<\/div>\n\t\t<div class=\"wd-negative-gap elementor-element elementor-element-9ac712b e-flex e-con-boxed e-con e-parent\" data-id=\"9ac712b\" data-element_type=\"container\" data-e-type=\"container\">\n\t\t\t\t\t<div class=\"e-con-inner\">\n\t\t\t\t<div class=\"elementor-element elementor-element-1940258 elementor-blockquote--skin-quotation elementor-blockquote--align-center elementor-widget__width-initial elementor-widget elementor-widget-blockquote\" data-id=\"1940258\" data-element_type=\"widget\" data-e-type=\"widget\" data-widget_type=\"blockquote.default\">\n\t\t\t\t<div class=\"elementor-widget-container\">\n\t\t\t\t\t\t\t<blockquote class=\"elementor-blockquote\">\n\t\t\t<p class=\"elementor-blockquote__content\">\n\t\t\t\tA winemaker has to make the most of the characteristics of the grape in its transformation into wine, highlighting the differentiating character of the variety, influenced by the production area and the means available to each winery.\t\t\t<\/p>\n\t\t\t\t\t\t\t<div class=\"e-q-footer\">\n\t\t\t\t\t\t\t\t\t\t\t<cite class=\"elementor-blockquote__author\">Pedro Sarri\u00f3n<\/cite>\n\t\t\t\t\t\t\t\t\t\t\t\t\t\t<\/div>\n\t\t\t\t\t<\/blockquote>\n\t\t\t\t\t\t<\/div>\n\t\t\t\t<\/div>\n\t\t\t\t\t<\/div>\n\t\t\t\t<\/div>\n\t\t<div class=\"wd-negative-gap elementor-element elementor-element-28a5282 wd-section-stretch e-flex e-con-boxed e-con e-parent\" data-id=\"28a5282\" data-element_type=\"container\" data-e-type=\"container\">\n\t\t\t\t\t<div class=\"e-con-inner\">\n\t\t<div class=\"elementor-element elementor-element-5a533ee e-con-full e-flex e-con e-child\" data-id=\"5a533ee\" data-element_type=\"container\" data-e-type=\"container\">\n\t\t\t\t<div class=\"elementor-element elementor-element-63bb7a1 elementor-widget elementor-widget-heading\" data-id=\"63bb7a1\" data-element_type=\"widget\" data-e-type=\"widget\" data-widget_type=\"heading.default\">\n\t\t\t\t<div class=\"elementor-widget-container\">\n\t\t\t\t\t<h2 class=\"elementor-heading-title elementor-size-default\">Wines made to reflect the character of our terroir and our grapes<\/h2>\t\t\t\t<\/div>\n\t\t\t\t<\/div>\n\t\t\t\t<\/div>\n\t\t<div class=\"elementor-element elementor-element-3478ce9 e-con-full e-flex e-con e-child\" data-id=\"3478ce9\" data-element_type=\"container\" data-e-type=\"container\">\n\t\t<div class=\"wd-negative-gap elementor-element elementor-element-53c4260 e-flex e-con-boxed e-con e-child\" data-id=\"53c4260\" data-element_type=\"container\" data-e-type=\"container\">\n\t\t\t\t\t<div class=\"e-con-inner\">\n\t\t\t\t<div class=\"elementor-element elementor-element-f14acf2 color-scheme-inherit text-left elementor-widget elementor-widget-text-editor\" data-id=\"f14acf2\" data-element_type=\"widget\" data-e-type=\"widget\" data-widget_type=\"text-editor.default\">\n\t\t\t\t<div class=\"elementor-widget-container\">\n\t\t\t\t\t\t\t\t\t<p>Pedro Sarri\u00f3n has spent a lifetime dedicated to winemaking. He studied at the country&#8217;s leading schools of enology and viticulture and, in addition to his numerous trips around the world (Australia, United States, China, South Africa&#8230;), he has learned all kinds of viticultural and enological practices for the production of unique and singular wines.<\/p>\n\t\t\t\t\t\t\t\t<\/div>\n\t\t\t\t<\/div>\n\t\t\t\t<div class=\"elementor-element elementor-element-2c35db1 elementor-widget elementor-widget-image\" data-id=\"2c35db1\" data-element_type=\"widget\" data-e-type=\"widget\" data-widget_type=\"image.default\">\n\t\t\t\t<div class=\"elementor-widget-container\">\n\t\t\t\t\t\t\t\t\t\t\t\t\t\t\t<img loading=\"lazy\" decoding=\"async\" width=\"850\" height=\"700\" src=\"https:\/\/tintoralba.com\/wp-content\/uploads\/2024\/04\/pedro-sarrion_enologo.jpg\" class=\"attachment-large size-large wp-image-1976\" alt=\"\" srcset=\"https:\/\/tintoralba.com\/wp-content\/uploads\/2024\/04\/pedro-sarrion_enologo.jpg 850w, https:\/\/tintoralba.com\/wp-content\/uploads\/2024\/04\/pedro-sarrion_enologo-300x247.jpg 300w, https:\/\/tintoralba.com\/wp-content\/uploads\/2024\/04\/pedro-sarrion_enologo-768x632.jpg 768w, https:\/\/tintoralba.com\/wp-content\/uploads\/2024\/04\/pedro-sarrion_enologo-600x494.jpg 600w, https:\/\/tintoralba.com\/wp-content\/uploads\/2024\/04\/pedro-sarrion_enologo-150x124.jpg 150w\" sizes=\"auto, (max-width: 850px) 100vw, 850px\" \/>\t\t\t\t\t\t\t\t\t\t\t\t\t\t\t<\/div>\n\t\t\t\t<\/div>\n\t\t\t\t<div class=\"elementor-element elementor-element-342bd7d color-scheme-inherit text-left elementor-widget elementor-widget-text-editor\" data-id=\"342bd7d\" data-element_type=\"widget\" data-e-type=\"widget\" data-widget_type=\"text-editor.default\">\n\t\t\t\t<div class=\"elementor-widget-container\">\n\t\t\t\t\t\t\t\t\t<p>He is considered one of the great defenders of the wines of our land. In fact, in 2000 he was one of the promoters of the Almansa DO, one of the most important in Castilla La Mancha today. Garnacha Tintorera was recognized as a variety of the Almansa DO thanks to him.<\/p>\n\t\t\t\t\t\t\t\t<\/div>\n\t\t\t\t<\/div>\n\t\t\t\t\t<\/div>\n\t\t\t\t<\/div>\n\t\t<div class=\"wd-negative-gap elementor-element elementor-element-b3f3875 e-flex e-con-boxed e-con e-child\" data-id=\"b3f3875\" data-element_type=\"container\" data-e-type=\"container\">\n\t\t\t\t\t<div class=\"e-con-inner\">\n\t\t\t\t<div class=\"elementor-element elementor-element-86c2180 elementor-widget elementor-widget-image\" data-id=\"86c2180\" data-element_type=\"widget\" data-e-type=\"widget\" data-widget_type=\"image.default\">\n\t\t\t\t<div class=\"elementor-widget-container\">\n\t\t\t\t\t\t\t\t\t\t\t\t\t\t\t<img loading=\"lazy\" decoding=\"async\" width=\"850\" height=\"700\" src=\"https:\/\/tintoralba.com\/wp-content\/uploads\/2024\/02\/pedro-sarrion.jpg\" class=\"attachment-large size-large wp-image-1764\" alt=\"\" srcset=\"https:\/\/tintoralba.com\/wp-content\/uploads\/2024\/02\/pedro-sarrion.jpg 850w, https:\/\/tintoralba.com\/wp-content\/uploads\/2024\/02\/pedro-sarrion-300x247.jpg 300w, https:\/\/tintoralba.com\/wp-content\/uploads\/2024\/02\/pedro-sarrion-768x632.jpg 768w, https:\/\/tintoralba.com\/wp-content\/uploads\/2024\/02\/pedro-sarrion-600x494.jpg 600w, https:\/\/tintoralba.com\/wp-content\/uploads\/2024\/02\/pedro-sarrion-150x124.jpg 150w\" sizes=\"auto, (max-width: 850px) 100vw, 850px\" \/>\t\t\t\t\t\t\t\t\t\t\t\t\t\t\t<\/div>\n\t\t\t\t<\/div>\n\t\t\t\t<div class=\"elementor-element elementor-element-be2ff11 color-scheme-inherit text-left elementor-widget elementor-widget-text-editor\" data-id=\"be2ff11\" data-element_type=\"widget\" data-e-type=\"widget\" data-widget_type=\"text-editor.default\">\n\t\t\t\t<div class=\"elementor-widget-container\">\n\t\t\t\t\t\t\t\t\t<p>Pedro Sarri\u00f3n has received the &#8220;Honorary Winemaker 2023&#8221; award from the Castilla La Mancha Winemaking Association in recognition of his long professional career. He is also president of the Air\u00e9n por el Mundo and Vinos de Espa\u00f1a Selecci\u00f3n competitions held in Castilla La Mancha.<\/p>\n\t\t\t\t\t\t\t\t<\/div>\n\t\t\t\t<\/div>\n\t\t\t\t\t<\/div>\n\t\t\t\t<\/div>\n\t\t\t\t<\/div>\n\t\t\t\t\t<\/div>\n\t\t\t\t<\/div>\n\t\t<div class=\"wd-negative-gap elementor-element elementor-element-0566ce4 wd-section-stretch-content e-flex e-con-boxed e-con e-parent\" data-id=\"0566ce4\" data-element_type=\"container\" data-e-type=\"container\">\n\t\t\t\t\t<div class=\"e-con-inner\">\n\t\t<div class=\"elementor-element elementor-element-8645a3f e-con-full e-flex e-con e-child\" data-id=\"8645a3f\" data-element_type=\"container\" data-e-type=\"container\">\n\t\t\t\t<div class=\"elementor-element elementor-element-d929e8b elementor-widget elementor-widget-image\" data-id=\"d929e8b\" data-element_type=\"widget\" data-e-type=\"widget\" data-widget_type=\"image.default\">\n\t\t\t\t<div class=\"elementor-widget-container\">\n\t\t\t\t\t\t\t\t\t\t\t\t\t\t\t<img loading=\"lazy\" decoding=\"async\" width=\"850\" height=\"700\" src=\"https:\/\/tintoralba.com\/wp-content\/uploads\/2024\/03\/banner-pedro-sarrion.jpg\" class=\"attachment-large size-large wp-image-1772\" alt=\"\" srcset=\"https:\/\/tintoralba.com\/wp-content\/uploads\/2024\/03\/banner-pedro-sarrion.jpg 850w, https:\/\/tintoralba.com\/wp-content\/uploads\/2024\/03\/banner-pedro-sarrion-300x247.jpg 300w, https:\/\/tintoralba.com\/wp-content\/uploads\/2024\/03\/banner-pedro-sarrion-768x632.jpg 768w, https:\/\/tintoralba.com\/wp-content\/uploads\/2024\/03\/banner-pedro-sarrion-600x494.jpg 600w, https:\/\/tintoralba.com\/wp-content\/uploads\/2024\/03\/banner-pedro-sarrion-150x124.jpg 150w\" sizes=\"auto, (max-width: 850px) 100vw, 850px\" \/>\t\t\t\t\t\t\t\t\t\t\t\t\t\t\t<\/div>\n\t\t\t\t<\/div>\n\t\t\t\t<\/div>\n\t\t<div class=\"elementor-element elementor-element-6006107 e-con-full e-flex e-con e-child\" data-id=\"6006107\" data-element_type=\"container\" data-e-type=\"container\">\n\t\t\t\t<div class=\"elementor-element elementor-element-3c28070 wd-width-100 elementor-widget elementor-widget-wd_title\" data-id=\"3c28070\" data-element_type=\"widget\" data-e-type=\"widget\" data-widget_type=\"wd_title.default\">\n\t\t\t\t<div class=\"elementor-widget-container\">\n\t\t\t\t\t\t\t<div class=\"title-wrapper wd-set-mb reset-last-child wd-title-color-default wd-title-style-default wd-title-size-default text-center\">\n\n\t\t\t\n\t\t\t<div class=\"liner-continer\">\n\t\t\t\t<h2 class=\"woodmart-title-container title wd-fontsize-l\">Winemaker of Tintoralba  <br>since 2000<\/h2> \n\t\t\t\t\t\t\t<\/div>\n\n\t\t\t\t\t\t\t<div class=\"title-after_title reset-last-child wd-fontsize-xs\">\n\t\t\t\t\t<p>In 2000 the Tintoralba project was created for the production and commercialization of bottled Garnacha Tintorera wines. From this moment on, Pedro Sarri\u00f3n is designated as the winemaker to fulfill this mission.<\/p><p>Thanks to Pedro and the team he surrounded himself with, our technical team was the first promoter in the Almansa Denomination of Origin to produce all kinds of quality varietal wines from Garnacha Tintorera, achieving through awards and recognitions to place us among the best wines in Spain.<\/p>\t\t\t\t<\/div>\n\t\t\t\t\t<\/div>\n\t\t\t\t\t\t<\/div>\n\t\t\t\t<\/div>\n\t\t\t\t<\/div>\n\t\t\t\t\t<\/div>\n\t\t\t\t<\/div>\n\t\t\t\t<\/div>\n\t\t","protected":false},"excerpt":{"rendered":"<p>Pedro Sarri\u00f3n A winemaker has to make the most of the characteristics of the grape in its transformation into wine,<\/p>\n","protected":false},"author":1,"featured_media":0,"parent":0,"menu_order":0,"comment_status":"closed","ping_status":"closed","template":"","meta":{"footnotes":""},"class_list":["post-2032","page","type-page","status-publish","hentry"],"_links":{"self":[{"href":"https:\/\/tintoralba.com\/en\/wp-json\/wp\/v2\/pages\/2032","targetHints":{"allow":["GET"]}}],"collection":[{"href":"https:\/\/tintoralba.com\/en\/wp-json\/wp\/v2\/pages"}],"about":[{"href":"https:\/\/tintoralba.com\/en\/wp-json\/wp\/v2\/types\/page"}],"author":[{"embeddable":true,"href":"https:\/\/tintoralba.com\/en\/wp-json\/wp\/v2\/users\/1"}],"replies":[{"embeddable":true,"href":"https:\/\/tintoralba.com\/en\/wp-json\/wp\/v2\/comments?post=2032"}],"version-history":[{"count":1,"href":"https:\/\/tintoralba.com\/en\/wp-json\/wp\/v2\/pages\/2032\/revisions"}],"predecessor-version":[{"id":2033,"href":"https:\/\/tintoralba.com\/en\/wp-json\/wp\/v2\/pages\/2032\/revisions\/2033"}],"wp:attachment":[{"href":"https:\/\/tintoralba.com\/en\/wp-json\/wp\/v2\/media?parent=2032"}],"curies":[{"name":"wp","href":"https:\/\/api.w.org\/{rel}","templated":true}]}}