{"id":2018,"date":"2024-02-08T16:28:30","date_gmt":"2024-02-08T15:28:30","guid":{"rendered":"https:\/\/tintoralba.com\/garnachatintorera\/"},"modified":"2024-04-29T10:55:05","modified_gmt":"2024-04-29T08:55:05","slug":"garnachatintorera","status":"publish","type":"page","link":"https:\/\/tintoralba.com\/en\/garnachatintorera\/","title":{"rendered":"Garnacha Tintorera"},"content":{"rendered":"\t\t<div data-elementor-type=\"wp-page\" data-elementor-id=\"2018\" class=\"elementor elementor-2018 elementor-286\" data-elementor-post-type=\"page\">\n\t\t\t\t<div class=\"wd-negative-gap elementor-element elementor-element-2c3a9f7 wd-section-stretch e-flex e-con-boxed e-con e-parent\" data-id=\"2c3a9f7\" data-element_type=\"container\" data-e-type=\"container\" data-settings=\"{&quot;background_background&quot;:&quot;classic&quot;}\">\n\t\t\t\t\t<div class=\"e-con-inner\">\n\t\t\t\t<div class=\"elementor-element elementor-element-d1a2128 elementor-widget elementor-widget-heading\" data-id=\"d1a2128\" data-element_type=\"widget\" data-e-type=\"widget\" data-widget_type=\"heading.default\">\n\t\t\t\t<div class=\"elementor-widget-container\">\n\t\t\t\t\t<h2 class=\"elementor-heading-title elementor-size-default\">GarnachaTintorera<\/h2>\t\t\t\t<\/div>\n\t\t\t\t<\/div>\n\t\t\t\t\t<\/div>\n\t\t\t\t<\/div>\n\t\t<div class=\"wd-negative-gap elementor-element elementor-element-b53b7a3 e-flex e-con-boxed e-con e-parent\" data-id=\"b53b7a3\" data-element_type=\"container\" data-e-type=\"container\">\n\t\t\t\t\t<div class=\"e-con-inner\">\n\t\t\t\t<div class=\"elementor-element elementor-element-0266411 wd-width-100 elementor-widget elementor-widget-wd_title\" data-id=\"0266411\" data-element_type=\"widget\" data-e-type=\"widget\" data-widget_type=\"wd_title.default\">\n\t\t\t\t<div class=\"elementor-widget-container\">\n\t\t\t\t\t\t\t<div class=\"title-wrapper wd-set-mb reset-last-child wd-title-color-default wd-title-style-default wd-title-size-default text-center\">\n\n\t\t\t\t\t\t\t\t\t\t\t<div class=\"title-subtitle subtitle-color-default subtitle-style-default wd-fontsize-xs\">\n\t\t\t\t\tUNIQUE VARIETY\t\t\t\t<\/div>\n\t\t\t\n\t\t\t<div class=\"liner-continer\">\n\t\t\t\t<h2 class=\"woodmart-title-container title wd-fontsize-l\">Garnacha Tintorera grape origin<\/h2> \n\t\t\t\t\t\t\t<\/div>\n\n\t\t\t\t\t\t\t<div class=\"title-after_title reset-last-child wd-fontsize-xs\">\n\t\t\t\t\t<p><strong>Garnacha Tintorera<\/strong> is the variety par excellence in our fields and the hallmark of Tintoralba. It is considered autochthonous within our region due to its acclimatization and adaptation to the conditions of our soil, altitude and climate, which has given rise to a <strong>unique<\/strong> and differentiated <strong>product<\/strong>, very difficult to find anywhere else in the world.<\/p><p>Also known by the name of <strong>Alicante Bouschet<\/strong>, Grenache Tintorera originated in France with the crossing of Petit Bouschet and Grenache made by Henri Bouschet in 1855. From there it spread to several areas such as Alentejo in Portugal, California in the USA and several regions in Spain, being in the D.O. Almansa where it has achieved its maximum expression, becoming the majority grape of the region, especially in the highest areas.<\/p>\t\t\t\t<\/div>\n\t\t\t\t\t<\/div>\n\t\t\t\t\t\t<\/div>\n\t\t\t\t<\/div>\n\t\t\t\t\t<\/div>\n\t\t\t\t<\/div>\n\t\t<div class=\"wd-negative-gap elementor-element elementor-element-1222426 wd-section-stretch-content e-flex e-con-boxed e-con e-parent\" data-id=\"1222426\" data-element_type=\"container\" data-e-type=\"container\" data-settings=\"{&quot;background_background&quot;:&quot;classic&quot;}\">\n\t\t\t\t\t<div class=\"e-con-inner\">\n\t\t\t\t\t<\/div>\n\t\t\t\t<\/div>\n\t\t<div class=\"wd-negative-gap elementor-element elementor-element-8f1fc9d wd-section-stretch-content e-flex e-con-boxed e-con e-parent\" data-id=\"8f1fc9d\" data-element_type=\"container\" data-e-type=\"container\">\n\t\t\t\t\t<div class=\"e-con-inner\">\n\t\t<div class=\"elementor-element elementor-element-65b7f7f e-con-full e-flex e-con e-child\" data-id=\"65b7f7f\" data-element_type=\"container\" data-e-type=\"container\" data-settings=\"{&quot;background_background&quot;:&quot;classic&quot;}\">\n\t\t\t\t<div class=\"elementor-element elementor-element-862aafc elementor-widget elementor-widget-image\" data-id=\"862aafc\" data-element_type=\"widget\" data-e-type=\"widget\" data-widget_type=\"image.default\">\n\t\t\t\t<div class=\"elementor-widget-container\">\n\t\t\t\t\t\t\t\t\t\t\t\t\t\t\t<img loading=\"lazy\" decoding=\"async\" width=\"850\" height=\"700\" src=\"https:\/\/tintoralba.com\/wp-content\/uploads\/2024\/02\/variedad-garnacha-tintorera.jpg\" class=\"attachment-large size-large wp-image-1778\" alt=\"\" srcset=\"https:\/\/tintoralba.com\/wp-content\/uploads\/2024\/02\/variedad-garnacha-tintorera.jpg 850w, https:\/\/tintoralba.com\/wp-content\/uploads\/2024\/02\/variedad-garnacha-tintorera-300x247.jpg 300w, https:\/\/tintoralba.com\/wp-content\/uploads\/2024\/02\/variedad-garnacha-tintorera-768x632.jpg 768w, https:\/\/tintoralba.com\/wp-content\/uploads\/2024\/02\/variedad-garnacha-tintorera-600x494.jpg 600w, https:\/\/tintoralba.com\/wp-content\/uploads\/2024\/02\/variedad-garnacha-tintorera-150x124.jpg 150w\" sizes=\"auto, (max-width: 850px) 100vw, 850px\" \/>\t\t\t\t\t\t\t\t\t\t\t\t\t\t\t<\/div>\n\t\t\t\t<\/div>\n\t\t\t\t<\/div>\n\t\t<div class=\"elementor-element elementor-element-7d71fdf e-con-full e-flex e-con e-child\" data-id=\"7d71fdf\" data-element_type=\"container\" data-e-type=\"container\">\n\t\t\t\t<div class=\"elementor-element elementor-element-fd0592c wd-width-100 elementor-widget elementor-widget-wd_title\" data-id=\"fd0592c\" data-element_type=\"widget\" data-e-type=\"widget\" data-widget_type=\"wd_title.default\">\n\t\t\t\t<div class=\"elementor-widget-container\">\n\t\t\t\t\t\t\t<div class=\"title-wrapper wd-set-mb reset-last-child wd-title-color-default wd-title-style-default wd-title-size-default text-center\">\n\n\t\t\t\n\t\t\t<div class=\"liner-continer\">\n\t\t\t\t<h2 class=\"woodmart-title-container title wd-fontsize-l\">Different on the inside<\/h2> \n\t\t\t\t\t\t\t<\/div>\n\n\t\t\t\t\t\t\t<div class=\"title-after_title reset-last-child wd-fontsize-xs\">\n\t\t\t\t\t<p>Garnacha Tintorera is our native grape variety. It is peculiar because its pulp is fleshy and colored and an intense red juice is obtained from it.<\/p><p>Tintoralba wines made with Garnacha Tintorera are surprisingly unique: unexpected, intense, with a marked fruitiness and differentiating character. They flood the palate with notes of black pepper, bright black olive, dark chocolate, red fruits, licorice and an herbaceous character that provides freshness and softness.<\/p>\t\t\t\t<\/div>\n\t\t\t\t\t<\/div>\n\t\t\t\t\t\t<\/div>\n\t\t\t\t<\/div>\n\t\t\t\t<\/div>\n\t\t\t\t\t<\/div>\n\t\t\t\t<\/div>\n\t\t<div class=\"wd-negative-gap elementor-element elementor-element-966c4de wd-section-stretch-content e-flex e-con-boxed e-con e-parent\" data-id=\"966c4de\" data-element_type=\"container\" data-e-type=\"container\">\n\t\t\t\t\t<div class=\"e-con-inner\">\n\t\t<div class=\"elementor-element elementor-element-c4d169c e-con-full e-flex e-con e-child\" data-id=\"c4d169c\" data-element_type=\"container\" data-e-type=\"container\" data-settings=\"{&quot;background_background&quot;:&quot;classic&quot;}\">\n\t\t\t\t<div class=\"elementor-element elementor-element-c79bf61 elementor-widget elementor-widget-image\" data-id=\"c79bf61\" data-element_type=\"widget\" data-e-type=\"widget\" data-widget_type=\"image.default\">\n\t\t\t\t<div class=\"elementor-widget-container\">\n\t\t\t\t\t\t\t\t\t\t\t\t\t\t\t<img loading=\"lazy\" decoding=\"async\" width=\"850\" height=\"700\" src=\"https:\/\/tintoralba.com\/wp-content\/uploads\/2024\/04\/garnacha-tintorera-en-tintoralba.jpg\" class=\"attachment-large size-large wp-image-1785\" alt=\"\" srcset=\"https:\/\/tintoralba.com\/wp-content\/uploads\/2024\/04\/garnacha-tintorera-en-tintoralba.jpg 850w, https:\/\/tintoralba.com\/wp-content\/uploads\/2024\/04\/garnacha-tintorera-en-tintoralba-300x247.jpg 300w, https:\/\/tintoralba.com\/wp-content\/uploads\/2024\/04\/garnacha-tintorera-en-tintoralba-768x632.jpg 768w, https:\/\/tintoralba.com\/wp-content\/uploads\/2024\/04\/garnacha-tintorera-en-tintoralba-600x494.jpg 600w, https:\/\/tintoralba.com\/wp-content\/uploads\/2024\/04\/garnacha-tintorera-en-tintoralba-150x124.jpg 150w\" sizes=\"auto, (max-width: 850px) 100vw, 850px\" \/>\t\t\t\t\t\t\t\t\t\t\t\t\t\t\t<\/div>\n\t\t\t\t<\/div>\n\t\t\t\t<\/div>\n\t\t<div class=\"elementor-element elementor-element-210a437 e-con-full e-flex e-con e-child\" data-id=\"210a437\" data-element_type=\"container\" data-e-type=\"container\">\n\t\t\t\t<div class=\"elementor-element elementor-element-9ae3bfc wd-width-100 elementor-widget elementor-widget-wd_title\" data-id=\"9ae3bfc\" data-element_type=\"widget\" data-e-type=\"widget\" data-widget_type=\"wd_title.default\">\n\t\t\t\t<div class=\"elementor-widget-container\">\n\t\t\t\t\t\t\t<div class=\"title-wrapper wd-set-mb reset-last-child wd-title-color-default wd-title-style-default wd-title-size-default text-center\">\n\n\t\t\t\n\t\t\t<div class=\"liner-continer\">\n\t\t\t\t<h2 class=\"woodmart-title-container title wd-fontsize-l\">Much more than color<\/h2> \n\t\t\t\t\t\t\t<\/div>\n\n\t\t\t\t\t\t\t<div class=\"title-after_title reset-last-child wd-fontsize-xs\">\n\t\t\t\t\t<p>Our wine belongs to one of the nine wine regions of <strong>Castilla La Mancha<\/strong>, located within the <strong>Almansa Denomination of Origin<\/strong>. Our winery is located in a typical village of La Mancha, <strong>Higueruela<\/strong>. It has a perfect location to produce the best wine. It is located at an altitude of 1,000 meters above sea level and barely 100 kilometers from the Mediterranean.<\/p> <p>The chalky soils, with a sandy texture and little bottom, result in excellent grapes.<\/p><p>The climate that accompanies the land is also suitable, with extreme temperatures in summer and winter. A combination that results in slow grape ripening and low production.<\/p>\t\t\t\t<\/div>\n\t\t\t\t\t<\/div>\n\t\t\t\t\t\t<\/div>\n\t\t\t\t<\/div>\n\t\t\t\t<\/div>\n\t\t\t\t\t<\/div>\n\t\t\t\t<\/div>\n\t\t<div class=\"wd-negative-gap elementor-element elementor-element-1243746 wd-section-stretch-content e-flex e-con-boxed e-con e-parent\" data-id=\"1243746\" data-element_type=\"container\" data-e-type=\"container\" data-settings=\"{&quot;background_background&quot;:&quot;classic&quot;}\">\n\t\t\t\t\t<div class=\"e-con-inner\">\n\t\t\t\t<div class=\"elementor-element elementor-element-34007a5 wd-width-100 elementor-widget elementor-widget-wd_title\" data-id=\"34007a5\" data-element_type=\"widget\" data-e-type=\"widget\" data-widget_type=\"wd_title.default\">\n\t\t\t\t<div class=\"elementor-widget-container\">\n\t\t\t\t\t\t\t<div class=\"title-wrapper wd-set-mb reset-last-child wd-title-color-default wd-title-style-default wd-title-size-default text-center\">\n\n\t\t\t\t\t\t\t\t\t\t\t<div class=\"title-subtitle subtitle-color-default subtitle-style-default wd-fontsize-xs\">\n\t\t\t\t\tPioneers in the production of bottled Garnacha Tintorera wines\t\t\t\t<\/div>\n\t\t\t\n\t\t\t<div class=\"liner-continer\">\n\t\t\t\t<h2 class=\"woodmart-title-container title wd-fontsize-l\">Tintoralba and the diffusion of <\/br> Garnacha Tintorera<\/h2> \n\t\t\t\t\t\t\t<\/div>\n\n\t\t\t\t\t\t\t<div class=\"title-after_title reset-last-child wd-fontsize-xs\">\n\t\t\t\t\t<p>The Tintoralba project was born in 2004 within the Santa Quiteria cooperative to highlight the full potential of Garnacha Tintorera and was a pioneer in the promotion of bottled Garnacha Tintorera wines. The first single-varietal Garnacha Tintorera wines were bottled under the guidance of our multifaceted, restless and great winemaker Pedro Sarri\u00f3n. Young carbonic maceration, crianza and sweet wines have highlighted the quality of our grapes and their potential for making quality wines.<\/p>  <p>Numerous national and international awards, good ratings and reviews from leading wine gurus, and most importantly, the loyalty and support of our customers, endorse the work done over the years and help us to improve every day to meet our main objective: to reach your table so you can enjoy the full flavor of our wines.<\/p>\t\t\t\t<\/div>\n\t\t\t\t\t<\/div>\n\t\t\t\t\t\t<\/div>\n\t\t\t\t<\/div>\n\t\t\t\t\t<\/div>\n\t\t\t\t<\/div>\n\t\t<div class=\"wd-negative-gap elementor-element elementor-element-f14b5d0 wd-section-stretch-content e-flex e-con-boxed e-con e-parent\" data-id=\"f14b5d0\" data-element_type=\"container\" data-e-type=\"container\">\n\t\t\t\t\t<div class=\"e-con-inner\">\n\t\t\t\t<div class=\"elementor-element elementor-element-adafa62 elementor-widget elementor-widget-heading\" data-id=\"adafa62\" data-element_type=\"widget\" data-e-type=\"widget\" data-widget_type=\"heading.default\">\n\t\t\t\t<div class=\"elementor-widget-container\">\n\t\t\t\t\t<h2 class=\"elementor-heading-title elementor-size-default\">Garnacha Tintorera wine pairings<\/h2>\t\t\t\t<\/div>\n\t\t\t\t<\/div>\n\t\t\t\t\t<\/div>\n\t\t\t\t<\/div>\n\t\t<div class=\"wd-negative-gap elementor-element elementor-element-bd60717 e-flex e-con-boxed e-con e-parent\" data-id=\"bd60717\" data-element_type=\"container\" data-e-type=\"container\">\n\t\t\t\t\t<div class=\"e-con-inner\">\n\t\t<div class=\"elementor-element elementor-element-338a1fe e-con-full e-flex e-con e-child\" data-id=\"338a1fe\" data-element_type=\"container\" data-e-type=\"container\" data-settings=\"{&quot;background_background&quot;:&quot;classic&quot;}\">\n\t\t\t\t<div class=\"elementor-element elementor-element-1be489b elementor-widget elementor-widget-wd_text_block\" data-id=\"1be489b\" data-element_type=\"widget\" data-e-type=\"widget\" data-widget_type=\"wd_text_block.default\">\n\t\t\t\t<div class=\"elementor-widget-container\">\n\t\t\t\t\t\t\t<div class=\"wd-text-block reset-last-child text-center\">\n\t\t\t\n\t\t\t<div class=\"uagb-column__overlay\"><p>In Tintoralba we elaborate different styles of wines. From young wines, where fruit and freshness are very present, to more complex wines, aged in oak barrels and coming from our oldest vineyards.<\/p><p>Food and wine pairing is not an exact science and is influenced by personal and cultural tastes. We give you a guideline but we encourage you to try and develop your own criteria.  <\/p><p>Our young wines go perfectly with light dishes, salads, vegetables, rice, pasta, white meats, fish, cheeses... Ideal for drinking alone or with tapas at any time of the day.<\/p><\/div>\n\t\t\t\t\t<\/div>\n\t\t\t\t\t\t<\/div>\n\t\t\t\t<\/div>\n\t\t\t\t<\/div>\n\t\t<div class=\"elementor-element elementor-element-f259ebb e-con-full e-flex e-con e-child\" data-id=\"f259ebb\" data-element_type=\"container\" data-e-type=\"container\">\n\t\t\t\t<div class=\"elementor-element elementor-element-b18438b elementor-widget elementor-widget-image\" data-id=\"b18438b\" data-element_type=\"widget\" data-e-type=\"widget\" data-widget_type=\"image.default\">\n\t\t\t\t<div class=\"elementor-widget-container\">\n\t\t\t\t\t\t\t\t\t\t\t\t\t\t\t<img loading=\"lazy\" decoding=\"async\" width=\"850\" height=\"700\" src=\"https:\/\/tintoralba.com\/wp-content\/uploads\/2024\/04\/alqueria-gt_tintoralba.jpg\" class=\"attachment-large size-large wp-image-1783\" alt=\"\" srcset=\"https:\/\/tintoralba.com\/wp-content\/uploads\/2024\/04\/alqueria-gt_tintoralba.jpg 850w, https:\/\/tintoralba.com\/wp-content\/uploads\/2024\/04\/alqueria-gt_tintoralba-300x247.jpg 300w, https:\/\/tintoralba.com\/wp-content\/uploads\/2024\/04\/alqueria-gt_tintoralba-768x632.jpg 768w, https:\/\/tintoralba.com\/wp-content\/uploads\/2024\/04\/alqueria-gt_tintoralba-600x494.jpg 600w, https:\/\/tintoralba.com\/wp-content\/uploads\/2024\/04\/alqueria-gt_tintoralba-150x124.jpg 150w\" sizes=\"auto, (max-width: 850px) 100vw, 850px\" \/>\t\t\t\t\t\t\t\t\t\t\t\t\t\t\t<\/div>\n\t\t\t\t<\/div>\n\t\t\t\t<\/div>\n\t\t\t\t\t<\/div>\n\t\t\t\t<\/div>\n\t\t<div class=\"wd-negative-gap elementor-element elementor-element-5afec95 e-flex e-con-boxed e-con e-parent\" data-id=\"5afec95\" data-element_type=\"container\" data-e-type=\"container\">\n\t\t\t\t\t<div class=\"e-con-inner\">\n\t\t<div class=\"elementor-element elementor-element-20ad842 e-con-full e-flex e-con e-child\" data-id=\"20ad842\" data-element_type=\"container\" data-e-type=\"container\" data-settings=\"{&quot;background_background&quot;:&quot;classic&quot;}\">\n\t\t\t\t<div class=\"elementor-element elementor-element-ec94812 elementor-widget elementor-widget-wd_text_block\" data-id=\"ec94812\" data-element_type=\"widget\" data-e-type=\"widget\" data-widget_type=\"wd_text_block.default\">\n\t\t\t\t<div class=\"elementor-widget-container\">\n\t\t\t\t\t\t\t<div class=\"wd-text-block reset-last-child text-center\">\n\t\t\t\n\t\t\t<div class=\"uagb-column__overlay\"><p>The wines with 3 or 4 months in barrel, Tintoralba Roble and Tintoralba Ecol\u00f3gico, also pair very well with the above dishes and will fit perfectly with all kinds of grilled meats, p\u00e2t\u00e9s, cheeses and barbecued meats.<\/p><p>Crianza red wines go very well with hearty dishes such as stews, casseroles, red meat dishes, cured cheeses and Iberian sausages.  <\/p><p>Sweet wines are always a delight and can be enjoyed as an aperitif or with your favorite desserts. Chocolate is the choice par excellence but we encourage you to try them with fruit, blue cheese and appreciate the contrast.<\/p><\/div>\n\t\t\t\t\t<\/div>\n\t\t\t\t\t\t<\/div>\n\t\t\t\t<\/div>\n\t\t\t\t<\/div>\n\t\t<div class=\"elementor-element elementor-element-68d7a94 e-con-full e-flex e-con e-child\" data-id=\"68d7a94\" data-element_type=\"container\" data-e-type=\"container\">\n\t\t\t\t<div class=\"elementor-element elementor-element-eadb3a6 elementor-widget elementor-widget-image\" data-id=\"eadb3a6\" data-element_type=\"widget\" data-e-type=\"widget\" data-widget_type=\"image.default\">\n\t\t\t\t<div class=\"elementor-widget-container\">\n\t\t\t\t\t\t\t\t\t\t\t\t\t\t\t<img loading=\"lazy\" decoding=\"async\" width=\"850\" height=\"700\" src=\"https:\/\/tintoralba.com\/wp-content\/uploads\/2024\/04\/cerro-del-buey-gt_tintoralba.jpg\" class=\"attachment-large size-large wp-image-1781\" alt=\"\" srcset=\"https:\/\/tintoralba.com\/wp-content\/uploads\/2024\/04\/cerro-del-buey-gt_tintoralba.jpg 850w, https:\/\/tintoralba.com\/wp-content\/uploads\/2024\/04\/cerro-del-buey-gt_tintoralba-300x247.jpg 300w, https:\/\/tintoralba.com\/wp-content\/uploads\/2024\/04\/cerro-del-buey-gt_tintoralba-768x632.jpg 768w, https:\/\/tintoralba.com\/wp-content\/uploads\/2024\/04\/cerro-del-buey-gt_tintoralba-600x494.jpg 600w, https:\/\/tintoralba.com\/wp-content\/uploads\/2024\/04\/cerro-del-buey-gt_tintoralba-150x124.jpg 150w\" sizes=\"auto, (max-width: 850px) 100vw, 850px\" \/>\t\t\t\t\t\t\t\t\t\t\t\t\t\t\t<\/div>\n\t\t\t\t<\/div>\n\t\t\t\t<\/div>\n\t\t\t\t\t<\/div>\n\t\t\t\t<\/div>\n\t\t\t\t<\/div>\n\t\t","protected":false},"excerpt":{"rendered":"<p>GarnachaTintorera UNIQUE VARIETY Garnacha Tintorera grape origin Garnacha Tintorera is the variety par excellence in our fields and the hallmark<\/p>\n","protected":false},"author":1,"featured_media":0,"parent":0,"menu_order":0,"comment_status":"closed","ping_status":"closed","template":"","meta":{"footnotes":""},"class_list":["post-2018","page","type-page","status-publish","hentry"],"_links":{"self":[{"href":"https:\/\/tintoralba.com\/en\/wp-json\/wp\/v2\/pages\/2018","targetHints":{"allow":["GET"]}}],"collection":[{"href":"https:\/\/tintoralba.com\/en\/wp-json\/wp\/v2\/pages"}],"about":[{"href":"https:\/\/tintoralba.com\/en\/wp-json\/wp\/v2\/types\/page"}],"author":[{"embeddable":true,"href":"https:\/\/tintoralba.com\/en\/wp-json\/wp\/v2\/users\/1"}],"replies":[{"embeddable":true,"href":"https:\/\/tintoralba.com\/en\/wp-json\/wp\/v2\/comments?post=2018"}],"version-history":[{"count":4,"href":"https:\/\/tintoralba.com\/en\/wp-json\/wp\/v2\/pages\/2018\/revisions"}],"predecessor-version":[{"id":2106,"href":"https:\/\/tintoralba.com\/en\/wp-json\/wp\/v2\/pages\/2018\/revisions\/2106"}],"wp:attachment":[{"href":"https:\/\/tintoralba.com\/en\/wp-json\/wp\/v2\/media?parent=2018"}],"curies":[{"name":"wp","href":"https:\/\/api.w.org\/{rel}","templated":true}]}}